{"id":152,"date":"2023-05-18T17:39:43","date_gmt":"2023-05-18T17:39:43","guid":{"rendered":"https:\/\/mostbet.tips\/az\/?page_id=152"},"modified":"2025-05-09T12:19:30","modified_gmt":"2025-05-09T12:19:30","slug":"bonus","status":"publish","type":"page","link":"https:\/\/mostbet.tips\/az\/bonus\/","title":{"rendered":"Bonus"},"content":{"rendered":"","protected":false},"excerpt":{"rendered":"","protected":false},"author":1,"featured_media":0,"parent":0,"menu_order":0,"comment_status":"closed","ping_status":"closed","template":"","meta":{"footnotes":""},"yoast_head":"<!-- This site is optimized with the Yoast SEO plugin v23.0 - https:\/\/yoast.com\/wordpress\/plugins\/seo\/ -->\n<title>Mostbet: 2025-ci ild\u0259 \u0259n yax\u015f\u0131 onlayn kazino v\u0259 bukmeker bonuslar\u0131<\/title>\n<meta name=\"description\" content=\"Mostbet Bonus Proqram\u0131 - daha \u00e7ox qazanmaq \u015fans\u0131n\u0131z! Kazino v\u0259 idman m\u0259rcl\u0259ri \u00fc\u00e7\u00fcn ekskl\u00fcziv t\u0259klifl\u0259r. Qeydiyyatdan ke\u00e7in v\u0259 bu g\u00fcn bonusunuzu t\u0259l\u0259b edin!\" \/>\n<meta name=\"robots\" content=\"index, follow, max-snippet:-1, max-image-preview:large, max-video-preview:-1\" \/>\n<meta property=\"og:locale\" content=\"az_AZ\" \/>\n<meta property=\"og:type\" content=\"article\" \/>\n<meta property=\"og:title\" content=\"Mostbet: 2025-ci ild\u0259 \u0259n yax\u015f\u0131 onlayn kazino v\u0259 bukmeker bonuslar\u0131\" \/>\n<meta property=\"og:description\" content=\"Mostbet Bonus Proqram\u0131 - daha \u00e7ox qazanmaq \u015fans\u0131n\u0131z! Kazino v\u0259 idman m\u0259rcl\u0259ri \u00fc\u00e7\u00fcn ekskl\u00fcziv t\u0259klifl\u0259r. Qeydiyyatdan ke\u00e7in v\u0259 bu g\u00fcn bonusunuzu t\u0259l\u0259b edin!\" \/>\n<meta property=\"og:url\" content=\"https:\/\/mostbet.tips\/az\/bonus\/\" \/>\n<meta property=\"og:site_name\" content=\"Mostbet AZ\" \/>\n<meta property=\"article:modified_time\" content=\"2025-05-09T12:19:30+00:00\" \/>\n<meta name=\"twitter:card\" content=\"summary_large_image\" \/>\n<script type=\"application\/ld+json\" class=\"yoast-schema-graph\">{\"@context\":\"https:\/\/schema.org\",\"@graph\":[{\"@type\":\"WebPage\",\"@id\":\"https:\/\/mostbet.tips\/az\/bonus\/\",\"url\":\"https:\/\/mostbet.tips\/az\/bonus\/\",\"name\":\"Mostbet: 2025-ci ild\u0259 \u0259n yax\u015f\u0131 onlayn kazino v\u0259 bukmeker bonuslar\u0131\",\"isPartOf\":{\"@id\":\"https:\/\/mostbet.tips\/az\/#website\"},\"datePublished\":\"2023-05-18T17:39:43+00:00\",\"dateModified\":\"2025-05-09T12:19:30+00:00\",\"description\":\"Mostbet Bonus Proqram\u0131 - daha \u00e7ox qazanmaq \u015fans\u0131n\u0131z! Kazino v\u0259 idman m\u0259rcl\u0259ri \u00fc\u00e7\u00fcn ekskl\u00fcziv t\u0259klifl\u0259r. Qeydiyyatdan ke\u00e7in v\u0259 bu g\u00fcn bonusunuzu t\u0259l\u0259b edin!\",\"breadcrumb\":{\"@id\":\"https:\/\/mostbet.tips\/az\/bonus\/#breadcrumb\"},\"inLanguage\":\"az\",\"potentialAction\":[{\"@type\":\"ReadAction\",\"target\":[\"https:\/\/mostbet.tips\/az\/bonus\/\"]}]},{\"@type\":\"BreadcrumbList\",\"@id\":\"https:\/\/mostbet.tips\/az\/bonus\/#breadcrumb\",\"itemListElement\":[{\"@type\":\"ListItem\",\"position\":1,\"name\":\"Home\",\"item\":\"https:\/\/mostbet.tips\/az\/\"},{\"@type\":\"ListItem\",\"position\":2,\"name\":\"Bonus\"}]},{\"@type\":\"WebSite\",\"@id\":\"https:\/\/mostbet.tips\/az\/#website\",\"url\":\"https:\/\/mostbet.tips\/az\/\",\"name\":\"Mostbet AZ\",\"description\":\"My WordPress Blog\",\"potentialAction\":[{\"@type\":\"SearchAction\",\"target\":{\"@type\":\"EntryPoint\",\"urlTemplate\":\"https:\/\/mostbet.tips\/az\/?s={search_term_string}\"},\"query-input\":\"required name=search_term_string\"}],\"inLanguage\":\"az\"}]}<\/script>\n<!-- \/ Yoast SEO plugin. -->","yoast_head_json":{"title":"Mostbet: 2025-ci ild\u0259 \u0259n yax\u015f\u0131 onlayn kazino v\u0259 bukmeker bonuslar\u0131","description":"Mostbet Bonus Proqram\u0131 - daha \u00e7ox qazanmaq \u015fans\u0131n\u0131z! Kazino v\u0259 idman m\u0259rcl\u0259ri \u00fc\u00e7\u00fcn ekskl\u00fcziv t\u0259klifl\u0259r. Qeydiyyatdan ke\u00e7in v\u0259 bu g\u00fcn bonusunuzu t\u0259l\u0259b edin!","robots":{"index":"index","follow":"follow","max-snippet":"max-snippet:-1","max-image-preview":"max-image-preview:large","max-video-preview":"max-video-preview:-1"},"og_locale":"az_AZ","og_type":"article","og_title":"Mostbet: 2025-ci ild\u0259 \u0259n yax\u015f\u0131 onlayn kazino v\u0259 bukmeker bonuslar\u0131","og_description":"Mostbet Bonus Proqram\u0131 - daha \u00e7ox qazanmaq \u015fans\u0131n\u0131z! Kazino v\u0259 idman m\u0259rcl\u0259ri \u00fc\u00e7\u00fcn ekskl\u00fcziv t\u0259klifl\u0259r. Qeydiyyatdan ke\u00e7in v\u0259 bu g\u00fcn bonusunuzu t\u0259l\u0259b edin!","og_url":"https:\/\/mostbet.tips\/az\/bonus\/","og_site_name":"Mostbet AZ","article_modified_time":"2025-05-09T12:19:30+00:00","twitter_card":"summary_large_image","schema":{"@context":"https:\/\/schema.org","@graph":[{"@type":"WebPage","@id":"https:\/\/mostbet.tips\/az\/bonus\/","url":"https:\/\/mostbet.tips\/az\/bonus\/","name":"Mostbet: 2025-ci ild\u0259 \u0259n yax\u015f\u0131 onlayn kazino v\u0259 bukmeker bonuslar\u0131","isPartOf":{"@id":"https:\/\/mostbet.tips\/az\/#website"},"datePublished":"2023-05-18T17:39:43+00:00","dateModified":"2025-05-09T12:19:30+00:00","description":"Mostbet Bonus Proqram\u0131 - daha \u00e7ox qazanmaq \u015fans\u0131n\u0131z! Kazino v\u0259 idman m\u0259rcl\u0259ri \u00fc\u00e7\u00fcn ekskl\u00fcziv t\u0259klifl\u0259r. Qeydiyyatdan ke\u00e7in v\u0259 bu g\u00fcn bonusunuzu t\u0259l\u0259b edin!","breadcrumb":{"@id":"https:\/\/mostbet.tips\/az\/bonus\/#breadcrumb"},"inLanguage":"az","potentialAction":[{"@type":"ReadAction","target":["https:\/\/mostbet.tips\/az\/bonus\/"]}]},{"@type":"BreadcrumbList","@id":"https:\/\/mostbet.tips\/az\/bonus\/#breadcrumb","itemListElement":[{"@type":"ListItem","position":1,"name":"Home","item":"https:\/\/mostbet.tips\/az\/"},{"@type":"ListItem","position":2,"name":"Bonus"}]},{"@type":"WebSite","@id":"https:\/\/mostbet.tips\/az\/#website","url":"https:\/\/mostbet.tips\/az\/","name":"Mostbet AZ","description":"My WordPress Blog","potentialAction":[{"@type":"SearchAction","target":{"@type":"EntryPoint","urlTemplate":"https:\/\/mostbet.tips\/az\/?s={search_term_string}"},"query-input":"required name=search_term_string"}],"inLanguage":"az"}]}},"_links":{"self":[{"href":"https:\/\/mostbet.tips\/az\/wp-json\/wp\/v2\/pages\/152"}],"collection":[{"href":"https:\/\/mostbet.tips\/az\/wp-json\/wp\/v2\/pages"}],"about":[{"href":"https:\/\/mostbet.tips\/az\/wp-json\/wp\/v2\/types\/page"}],"author":[{"embeddable":true,"href":"https:\/\/mostbet.tips\/az\/wp-json\/wp\/v2\/users\/1"}],"replies":[{"embeddable":true,"href":"https:\/\/mostbet.tips\/az\/wp-json\/wp\/v2\/comments?post=152"}],"version-history":[{"count":10,"href":"https:\/\/mostbet.tips\/az\/wp-json\/wp\/v2\/pages\/152\/revisions"}],"predecessor-version":[{"id":370,"href":"https:\/\/mostbet.tips\/az\/wp-json\/wp\/v2\/pages\/152\/revisions\/370"}],"wp:attachment":[{"href":"https:\/\/mostbet.tips\/az\/wp-json\/wp\/v2\/media?parent=152"}],"curies":[{"name":"wp","href":"https:\/\/api.w.org\/{rel}","templated":true}]}}